{"id":646,"date":"2024-03-10T14:29:21","date_gmt":"2024-03-10T13:29:21","guid":{"rendered":"https:\/\/shop2024.idokep.hu\/?post_type=product&#038;p=646"},"modified":"2024-03-10T14:29:22","modified_gmt":"2024-03-10T13:29:22","slug":"masodperces-szelirany-szelsebesseg-es-szellokesmero-csak-szelmero","status":"publish","type":"product","link":"https:\/\/shop.idokep.hu\/?product=masodperces-szelirany-szelsebesseg-es-szellokesmero-csak-szelmero","title":{"rendered":"M\u00e1sodperces Sz\u00e9lir\u00e1ny- Sz\u00e9lsebess\u00e9g \u00c9s Sz\u00e9ll\u00f6k\u00e9sm\u00e9r\u0151 (Csak Sz\u00e9lm\u00e9r\u0151)"},"content":{"rendered":"<p>(Az internet-kapcsolat Technikai r\u00e9szletei\u00e9rt l\u00e1sd a le\u00edr\u00e1s v\u00e9g\u00e9n linkelt V\u00e1s\u00e1rl\u00e1si Felt\u00e9telek dokumentumot).<\/p>\n<p>A m\u00e1sodperces sz\u00e9lm\u00e9r\u0151 val\u00f3j\u00e1ban tizedm\u00e1sodpercenk\u00e9nt m\u00e9r \u00e9s a m\u00e9r\u00e9si adatokat m\u00e1sodpercenk\u00e9nt elemzi, illetve tov\u00e1bb\u00edtja; a be\u00e9p\u00edtett mikroprocesszor figyeli a m\u00e1sodpercen bel\u00fcli sz\u00f3r\u00e1st \u00e9s a n\u00f6vekm\u00e9nyt az esetleges \u201et\u00fcsk\u00e9k\u201d kisz\u0171r\u00e9se \u00e9rdek\u00e9ben.<\/p>\n<p>Ir\u00e1ny\u00e9rz\u00e9kel\u00e9sben is hatalmas el\u0151rel\u00e9p\u00e9st jelent, hogy \u2013 k\u00f6sz\u00f6nhet\u0151en a tizedm\u00e1sodperces felbont\u00e1snak \u2013 az elfordul\u00e1si \u00e9rt\u00e9kek mozg\u00e1s k\u00f6zben ak\u00e1r 1\u00b0 pontoss\u00e1ggal k\u00f6vethet\u0151ek, szint\u00e9n val\u00f3s id\u0151ben \u2013 szemben a kor\u00e1bbi, maximum 16 ir\u00e1ny-szegmenssel, mely 22,5\u00b0-os pontoss\u00e1g\u00fa.<\/p>\n<p>A legfontosabb tal\u00e1n m\u00e9gis az, hogy a sz\u00e9lm\u00e9r\u0151 \u00edgy k\u00e9pess\u00e9 v\u00e1lt a sz\u00e9ll\u00f6k\u00e9sek rendk\u00edv\u00fcl prec\u00edz lek\u00f6vet\u00e9s\u00e9re. Kor\u00e1bban hatalmas gondot okozott, hogy \u2013 b\u00e1r a legt\u00f6bb hagyom\u00e1nyos id\u0151j\u00e1r\u00e1s-\u00e1llom\u00e1s sz\u00e9lm\u00e9r\u0151je helyesen m\u0171k\u00f6dik \u2013 csak 8 m\u00e1sodpercenk\u00e9nt \u201evesz mint\u00e1t\u201d a l\u00e9gmozg\u00e1s sebess\u00e9g\u00e9b\u0151l, ami csak ritk\u00e1n esik egybe az er\u0151sebb sz\u00e9ll\u00f6k\u00e9sek pillanat\u00e1val. Emiatt szinte minden \u201ehagyom\u00e1nyos\u201d sz\u00e9lm\u00e9r\u0151 alulm\u00e9rte a t\u00e9nyleges sebess\u00e9geket, m\u00e9g akkor is, ha egy\u00e9bk\u00e9t megfelel\u0151en (10 m\u00e9ter magasan, sz\u00e9l\u00e1rny\u00e9kt\u00f3l mentes helyen) ker\u00fclt elhelyez\u00e9sre.<\/p>\n<p>\u00c9l\u0151ben a neten<\/p>\n<p>A m\u00e1sik kiemelked\u0151 \u00faj\u00edt\u00e1s, hogy a m\u00e1sodpercenk\u00e9nt tov\u00e1bb\u00edtott adatok egy speci\u00e1lis, k\u00fcl\u00f6n erre a c\u00e9lra kifejlesztett \u2013 honlapba is illeszthet\u0151 \u2013 vizualiz\u00e1ci\u00f3s modul seg\u00edts\u00e9g\u00e9vel val\u00f3s id\u0151ben k\u00f6vethet\u0151ek nyomon. Ez azt jelenti, hogy \u2013 ha p\u00e9ld\u00e1ul egy kik\u00f6t\u0151ben egy hirtelen \u00e9rkez\u0151 sz\u00e9lvihar felkavarja a leveg\u0151t \u2013 azt a sz\u00e9lm\u00e9r\u0151 tulajdonosa \u00e9s honlapj\u00e1nak l\u00e1togat\u00f3i azonnal (maximum egy-k\u00e9t m\u00e1sodperces k\u00e9sleltet\u00e9ssel) l\u00e1thatj\u00e1k, mind a sz\u00e9lir\u00e1ny, mind a l\u00f6k\u00e9sek sebess\u00e9g\u00e9nek l\u00e1tv\u00e1nyos megjelen\u00edt\u00e9s\u00e9vel.<\/p>\n<p>A m\u00e1sodperces sz\u00e9lm\u00e9r\u0151kh\u00f6z \u00faj, anim\u00e1lt pop-up-okat (felugr\u00f3 ablakokat) tervezt\u00fcnk, amelyek kiemelik a legut\u00f3bbi 10 perc legnagyobb sz\u00e9ll\u00f6k\u00e9s\u00e9nek felfut\u00e1s\u00e1t (ezek a meg\u00fajult sz\u00e9lt\u00e9rk\u00e9pen b\u00e1rki sz\u00e1m\u00e1ra el\u00e9rhet\u0151ek), a sz\u00e9lm\u00e9r\u0151 tulajdonosa pedig ezeket beillesztheti honlapj\u00e1ba is.<\/p>\n<p>Kiknek aj\u00e1nljuk?<\/p>\n<p>Els\u0151sorban vitorl\u00e1z\u00f3knak, ak\u00e1r vizen, ak\u00e1r leveg\u0151ben; kik\u00f6t\u0151knek, sikl\u00f3erny\u0151s, s\u00e1rk\u00e1nyrep\u00fcl\u0151s fel- \u00e9s lesz\u00e1ll\u00f3helyeknek, kisebb rep\u00fcl\u0151tereknek; v\u00edzparti sz\u00e1llod\u00e1knak, strandoknak, turisztikai k\u00f6zpontoknak \u00e9s minden egy\u00e9b olyan l\u00e9tes\u00edtm\u00e9nynek, ahol nagyon fontos a friss, val\u00f3s idej\u0171 inform\u00e1ci\u00f3 a sz\u00e9lir\u00e1ny \u00e9s a sz\u00e9ler\u0151 v\u00e1ltoz\u00e1sair\u00f3l.<\/p>\n<p>A m\u00e1sik nagyon hasznos felhaszn\u00e1l\u00e1si ter\u00fcletetet a kisebb, h\u00e1zi, vagy ak\u00e1r k\u00f6zepes, ipari sz\u00e9lturbin\u00e1k tervezett telep\u00edt\u00e9si helyeinek folytonos, hosssz\u00fa id\u0151n \u00e1t t\u00f6rt\u00e9n\u0151 m\u00e9r\u00e9se. B\u00e1r itt a val\u00f3s idej\u0171 nyomk\u00f6vet\u00e9s nem annyira fontos, m\u00e9gis, a prec\u00edzebb ir\u00e1nym\u00e9r\u00e9s \u00e9s a sz\u00e9ll\u00f6k\u00e9sek \u00e1tlagos er\u0151ss\u00e9g\u00e9nek meg\u00edt\u00e9l\u00e9se szempontj\u00e1b\u00f3l kiemelked\u0151en fontos a tizedm\u00e1sodperces mintav\u00e9tel \u00e9s a m\u00e1sodperces m\u00e9r\u00e9s kor\u00e1bban nem el\u00e9rhet\u0151 gyakoris\u00e1ga \u00e9s pontoss\u00e1ga.<\/p>\n<p>Elhelyez\u00e9si krit\u00e9riumok, tipikus hib\u00e1k<\/p>\n<p>A legprec\u00edzebb \u00e9rz\u00e9kel\u0151k sem k\u00e9pesek \u00e9rt\u00e9kelhet\u0151 adatokat szolg\u00e1ltatni a k\u00f6rnyezeti jellemz\u0151kr\u0151l, ha nem megfelel\u0151en ker\u00fclnek elhelyez\u00e9sre. B\u00e1r a probl\u00e9ma legl\u00e1tv\u00e1nyosabban a h\u0151m\u00e9r\u0151-szenzorok eset\u00e9ben vehet\u0151 \u00e9szre, de \u00e9ppoly kritikus fontoss\u0171g\u00fa a l\u00e9gsebess\u00e9g \u00e9s a sz\u00e9lir\u00e1ny m\u00e9r\u00e9s\u00e9t lehet\u0151v\u00e9 t\u00e9v\u0151, m\u00e1sodperces sz\u00e9lm\u00e9r\u0151 eset\u00e9ben is.<\/p>\n<p>A WMO szabv\u00e1nyok szerint a sz\u00e9l m\u00e9r\u00e9se \u2013 ide\u00e1lis esetben, teljesen ny\u00edlt terepen \u2013 10 m\u00e9teres magass\u00e1gban t\u00f6rt\u00e9nik a f\u00f6ldfelsz\u00edn felett; ha azonban a k\u00f6zelben l\u00e9v\u0151 f\u00e1k, \u00e9p\u00fcletek vagy m\u00e1s terept\u00e1rgyak akad\u00e1lyozhatj\u00e1k a l\u00e9gmozg\u00e1st, akkor a sz\u00e9lm\u00e9r\u0151t lehet\u0151s\u00e9g szerint ezek magass\u00e1ga f\u00f6l\u00e9 kell emelni.<\/p>\n<p>Ennek hi\u00e1ny\u00e1ban a sz\u00e9lsebess\u00e9g-m\u00e9r\u00e9s hat\u00e9konys\u00e1ga rendk\u00edv\u00fcli m\u00e9rt\u00e9kben, drasztikusan romlik. Tipikus p\u00e9ld\u00e1val \u00e9lve, ha valaki p\u00e9ld\u00e1ul egy csal\u00e1di h\u00e1z kertj\u00e9ben, 5 m\u00e9ter magasan helyezi el a sz\u00e9lm\u00e9r\u0151t, de a kertben (vagy a szomsz\u00e9dos telken) 10-15 m\u00e9ter magas f\u00e1k vannak, \u00e9s mondjuk 30 m\u00e9teren bel\u00fcl van olyan \u00e9p\u00fclet, amely szint\u00e9n el\u00e9ri ezt a magass\u00e1got, akkor a val\u00f3s sz\u00e9lsebess\u00e9g maximum fel\u00e9t-harmad\u00e1t m\u00e9rhetj\u00fck.<\/p>\n<p>Konkr\u00e9tan sz\u00e1mszer\u0171s\u00edtve, egy 70-80 kilom\u00e9teres l\u00f6k\u00e9sekkel \u00e9rkez\u0151 sz\u00e9lvihar eset\u00e9n sem fog a sz\u00e9lm\u00e9r\u0151 30-40 km\/h-n\u00e1l nagyobb maximumokat m\u00e9rni, noha ekkor m\u00e1r a pal\u00e1val fedett tet\u0151k egy r\u00e9sz\u00e9t meg is bontja, mag\u00e1t a tet\u0151szerkezetet pedig s\u00falyosan k\u00e1ros\u00edthatja a vihar.<\/p>\n<p>M\u00e9g rosszabb, ha valaki a h\u0151m\u00e9r\u0151-szenzorral azonos magass\u00e1gban r\u00f6gz\u00edti a sz\u00e9lm\u00e9r\u0151t vagy a h\u00e1z fal\u00e1ra szereli, teljesen kitakarva ezzel a lehets\u00e9ges sz\u00e9lir\u00e1nyok nagy r\u00e9sz\u00e9t, nem is besz\u00e9lve a turbulenci\u00e1r\u00f3l. Ilyen esetben az is el\u0151fordulhat, hogy egy 70-80 kilom\u00e9teres kifut\u00f3sz\u00e9llel \u00e9rkez\u0151 zivatar \u00e1tvonul\u00e1sa sor\u00e1n sem m\u00e9r a szenzorunk 15-20 km\/\u00f3r\u00e1s sebess\u00e9get meghalad\u00f3 maximumokat.<\/p>\n<p>\u00c9ppen ez\u00e9rt a sz\u00e9lm\u00e9r\u0151 szenzort \u2013 amennyiben a 10 m\u00e9teres magass\u00e1ban el\u0151\u00edrt szabv\u00e1nyos elhelyez\u00e9s valamilyen okb\u00f3l nem teljes\u00edthet\u0151 \u2013 lehet\u0151leg a rendelkez\u0151 legmagasabb, m\u00e9g el\u00e9rhet\u0151 pontra kell telep\u00edteni (az adott \u00e9p\u00fcleten vagy egy\u00e9b tart\u00f3szerkezeten); kiv\u00e1l\u00f3 lehet\u0151s\u00e9get ny\u00fajtanak erre p\u00e9ld\u00e1ul az antennarudak, \u00e1rbocok, l\u00e1mpa- vagy egy\u00e9b (de semmi esetre sem magasfesz\u00fclts\u00e9g\u0171!), el\u00e9rhet\u0151 k\u00f6zels\u00e9gben l\u00e9v\u0151 oszlopok.<\/p>\n<p>Figyelem! Ha antennar\u00fadon vagy m\u00e1s, hasonl\u00f3 \u00e1rbocon telep\u00edtj\u00fck a m\u00e9r\u0151eszk\u00f6zt, t\u00f6rekedni kell arra, hogy egyr\u00e9szt a rajta l\u00e9v\u0151 antenn\u00e1k (pl. parabola-t\u00e1ny\u00e9rok, HD-vev\u0151 eszk\u00f6z\u00f6k) se takarj\u00e1k ki, illetve akad\u00e1lyoz\u00e1k a szabad l\u00e9gmozg\u00e1st a szenzor magass\u00e1g\u00e1ban. Mindemelllett maga az oszlop\/\u00e1rboc sem lehet t\u00fals\u00e1gosan nagy \u00e1tm\u00e9r\u0151j\u0171, ha k\u00f6zvetlen\u00fcl arra szerelj\u00fck a sz\u00e9lm\u00e9r\u0151t! 5-10 cm \u00e1tm\u00e9r\u0151 felett m\u00e1r maga a tart\u00f3 r\u00fad is olyan m\u00e9rt\u00e9k\u0171 turbulenci\u00e1t kelthet, ami jelent\u0151sen torz\u00edthatja a m\u00e9r\u00e9st. Ilyen esetben javasolt, hogy egy v\u00e9konyabb, k\u00f6nny\u0171 (m\u0171anyag vagy alum\u00ednium) r\u00faddal emelj\u00fck ki a sz\u00e9lm\u00e9r\u0151t az eredeti r\u00fad vagy \u00e1rboc magass\u00e1ga f\u00f6l\u00e9, vagy ha ez nem lehets\u00e9ges, akkor pr\u00f3b\u00e1ljuk legal\u00e1bb f\u00e9l-egy m\u00e9terrel oldalir\u00e1nyban eltartani t\u0151le.<\/p>\n<p>Az eszk\u00f6z korl\u00e1tai<\/p>\n<p>B\u00e1rmilyen pontos \u00e9s prec\u00edz, bizonyos sz\u00e9ls\u0151s\u00e9ges id\u0151j\u00e1r\u00e1si k\u00f6r\u00fclm\u00e9nyek k\u00f6z\u00f6tt el\u0151fordulhat, hogy a sz\u00e9lm\u00e9r\u0151 nem k\u00e9pes megfelel\u0151 adatokat tov\u00e1bb\u00edtani. Ilyen lehet p\u00e9ld\u00e1ul az \u00f3nos vagy fagyott es\u0151vel kevered\u0151, vegyes halmaz\u00e1llapot\u00fa t\u00e9li csapad\u00e9k, amely \u2013 ha r\u00e1fagy a sz\u00e9lm\u00e9r\u0151 k\u00fclsej\u00e9re \u2013 \u00e9rtelemszer\u0171en lehetetlenn\u00e9 teszi a kanalak mozg\u00e1s\u00e1t, \u00e9s ily m\u00f3don a sz\u00e9lm\u00e9r\u00e9st is. A fagyott r\u00e9teg felolvad\u00e1sa ut\u00e1n a sz\u00e9lm\u00e9r\u0151 ism\u00e9t teljes \u00e9rt\u00e9k\u0171en m\u0171k\u00f6d\u0151k\u00e9pess\u00e9 v\u00e1lik.<\/p>\n<p>Hol lehet m\u0171k\u00f6d\u00e9s k\u00f6zben megn\u00e9zni a m\u00e1sodperces sz\u00e9lm\u00e9r\u0151t?<\/p>\n<p>Nos, legink\u00e1bb meg\u00fajult sz\u00e9lt\u00e9rk\u00e9p\u00fcnk\u00f6n, ahol minden m\u00e1sodperes sz\u00e9lm\u00e9r\u0151t \u00e9l\u00e9nkebb, z\u00f6ldes sz\u00edn\u0171 ponttal jel\u00f6lt\u00fcnk; ha ezek f\u00f6l\u00e9 vissz\u00fck a kurzort, a felugr\u00f3 ablakban l\u00e1thatjuk a legut\u00f3bbi 10 perc legnagyobb sz\u00e9ll\u00f6k\u00e9s\u00e9nek fel-\u00e9s lefut\u00e1s\u00e1t, m\u00e1sodperces bont\u00e1sban egy l\u00e1tv\u00e1nyos, anim\u00e1lt grafikon form\u00e1j\u00e1ban. Ugyanitt megtekinthetj\u00fck a legut\u00f3bbi 24 \u00f3r\u00e1s \u00e1tlag- \u00e9s maximum-\u00e9rt\u00e9kek grafikonjait, a sz\u00e9lir\u00e1ny-\u00e1tlagok v\u00e1ltoz\u00e1s\u00e1val egy\u00fctt.<\/p>\n<p>Mindemellett saj\u00e1t, Budapest I. ker\u00fclet, V\u00e1rnegyedben m\u0171k\u00f6d\u0151 m\u00e1sodperces sz\u00e9lm\u00e9r\u0151nk val\u00f3s idej\u0171 vizualiz\u00e1ci\u00f3j\u00e1t mostant\u00f3l 24\/7\/365 jelleggel, folytonosan k\u00f6zz\u00e9tessz\u00fck a t\u00e9rk\u00e9p felett: ezen t\u00e9nyleges, m\u00e1sodperces friss\u00edt\u00e9ssel l\u00e1that\u00f3ak az aktu\u00e1lis sz\u00e9lir\u00e1ny- \u00e9s sz\u00e9lsebess\u00e9g adatok a f\u0151v\u00e1ros e kiemelten fontos pontj\u00e1r\u00f3l.<\/p>\n<p>Ugyanezek a l\u00e1tv\u00e1nyos, honlapba is illeszthet\u0151 vizualiz\u00e1ci\u00f3k (illetve a Pro rendszerben ezekhez kapcsol\u00f3d\u00f3 arch\u00edvumok) term\u00e9szetesen minden egyes m\u00e1sodperces sz\u00e9lm\u00e9r\u0151t megrendel\u0151 v\u00e1s\u00e1rl\u00f3nk rendelkez\u00e9s\u00e9re \u00e1llnak majd.<\/p>\n<p>A sz\u00e9lm\u00e9r\u0151 term\u00e9szetesen v\u00edz- \u00e9s id\u0151j\u00e1r\u00e1s\u00e1ll\u00f3, \u00e9s vezet\u00e9ken csatlakozik az IP-modulhoz.<br \/>\nA Megrendel\u00e9s-re kattintva v\u00e1s\u00e1rl\u00f3 elfogadja az \u00e1ltal\u00e1nos illetve term\u00e9kspecifikus V\u00e1s\u00e1rl\u00e1si Felt\u00e9telet, Kiz\u00e1r\u00e1sok \u00e9s Mentes\u00fcl\u00e9seket (a dokumentum el\u00e9rhet\u0151 a http:\/\/feny.idokep.hu\/mp_wind_description_exclusions.doc c\u00edmen)<\/p>\n","protected":false},"excerpt":{"rendered":"<p>A m\u00e1sodperces sz\u00e9lm\u00e9r\u0151 val\u00f3j\u00e1ban tizedm\u00e1sodpercenk\u00e9nt m\u00e9r \u00e9s a m\u00e9r\u00e9si adatokat m\u00e1sodpercenk\u00e9nt elemzi, illetve tov\u00e1bb\u00edtja; a be\u00e9p\u00edtett mikroprocesszor figyeli a m\u00e1sodpercen bel\u00fcli sz\u00f3r\u00e1st \u00e9s a n\u00f6vekm\u00e9nyt az esetleges \u201et\u00fcsk\u00e9k\u201d kisz\u0171r\u00e9se \u00e9rdek\u00e9ben.<\/p>\n","protected":false},"featured_media":600,"template":"","meta":[],"product_brand":[],"product_cat":[113],"product_tag":[],"class_list":{"0":"post-646","1":"product","2":"type-product","3":"status-publish","4":"has-post-thumbnail","6":"product_cat-idojaras-allomasok-es-tartozekok","7":"blog_entry clearfix","9":"first","10":"instock","11":"shipping-taxable","12":"purchasable","13":"product-type-simple"},"_links":{"self":[{"href":"https:\/\/shop.idokep.hu\/index.php?rest_route=\/wp\/v2\/product\/646","targetHints":{"allow":["GET"]}}],"collection":[{"href":"https:\/\/shop.idokep.hu\/index.php?rest_route=\/wp\/v2\/product"}],"about":[{"href":"https:\/\/shop.idokep.hu\/index.php?rest_route=\/wp\/v2\/types\/product"}],"wp:featuredmedia":[{"embeddable":true,"href":"https:\/\/shop.idokep.hu\/index.php?rest_route=\/wp\/v2\/media\/600"}],"wp:attachment":[{"href":"https:\/\/shop.idokep.hu\/index.php?rest_route=%2Fwp%2Fv2%2Fmedia&parent=646"}],"wp:term":[{"taxonomy":"product_brand","embeddable":true,"href":"https:\/\/shop.idokep.hu\/index.php?rest_route=%2Fwp%2Fv2%2Fproduct_brand&post=646"},{"taxonomy":"product_cat","embeddable":true,"href":"https:\/\/shop.idokep.hu\/index.php?rest_route=%2Fwp%2Fv2%2Fproduct_cat&post=646"},{"taxonomy":"product_tag","embeddable":true,"href":"https:\/\/shop.idokep.hu\/index.php?rest_route=%2Fwp%2Fv2%2Fproduct_tag&post=646"}],"curies":[{"name":"wp","href":"https:\/\/api.w.org\/{rel}","templated":true}]}}