{"id":644,"date":"2024-03-10T14:28:11","date_gmt":"2024-03-10T13:28:11","guid":{"rendered":"https:\/\/shop2024.idokep.hu\/?post_type=product&#038;p=644"},"modified":"2024-04-24T13:45:29","modified_gmt":"2024-04-24T12:45:29","slug":"szenzor-idokepes-allomashoz","status":"publish","type":"product","link":"https:\/\/shop.idokep.hu\/?product=szenzor-idokepes-allomashoz","title":{"rendered":"Szenzor \u2013 Id\u0151k\u00e9pes \u00c1llom\u00e1shoz"},"content":{"rendered":"<p>H\u0151m\u00e9rs\u00e9klet, p\u00e1ratartalom \u00e9s l\u00e9gnyom\u00e1sm\u00e9r\u0151 szenzor.<\/p>\n","protected":false},"excerpt":{"rendered":"<p>H\u0151m\u00e9rs\u00e9klet, p\u00e1ratartalom \u00e9s l\u00e9gnyom\u00e1sm\u00e9r\u0151 szenzor.<\/p>\n","protected":false},"featured_media":645,"template":"","meta":[],"product_brand":[],"product_cat":[113],"product_tag":[],"class_list":{"0":"post-644","1":"product","2":"type-product","3":"status-publish","4":"has-post-thumbnail","6":"product_cat-idojaras-allomasok-es-tartozekok","7":"blog_entry clearfix","9":"first","10":"instock","11":"shipping-taxable","12":"purchasable","13":"product-type-simple"},"_links":{"self":[{"href":"https:\/\/shop.idokep.hu\/index.php?rest_route=\/wp\/v2\/product\/644","targetHints":{"allow":["GET"]}}],"collection":[{"href":"https:\/\/shop.idokep.hu\/index.php?rest_route=\/wp\/v2\/product"}],"about":[{"href":"https:\/\/shop.idokep.hu\/index.php?rest_route=\/wp\/v2\/types\/product"}],"wp:featuredmedia":[{"embeddable":true,"href":"https:\/\/shop.idokep.hu\/index.php?rest_route=\/wp\/v2\/media\/645"}],"wp:attachment":[{"href":"https:\/\/shop.idokep.hu\/index.php?rest_route=%2Fwp%2Fv2%2Fmedia&parent=644"}],"wp:term":[{"taxonomy":"product_brand","embeddable":true,"href":"https:\/\/shop.idokep.hu\/index.php?rest_route=%2Fwp%2Fv2%2Fproduct_brand&post=644"},{"taxonomy":"product_cat","embeddable":true,"href":"https:\/\/shop.idokep.hu\/index.php?rest_route=%2Fwp%2Fv2%2Fproduct_cat&post=644"},{"taxonomy":"product_tag","embeddable":true,"href":"https:\/\/shop.idokep.hu\/index.php?rest_route=%2Fwp%2Fv2%2Fproduct_tag&post=644"}],"curies":[{"name":"wp","href":"https:\/\/api.w.org\/{rel}","templated":true}]}}