{"id":638,"date":"2024-03-10T14:22:07","date_gmt":"2024-03-10T13:22:07","guid":{"rendered":"https:\/\/shop2024.idokep.hu\/?post_type=product&#038;p=638"},"modified":"2024-03-10T14:22:07","modified_gmt":"2024-03-10T13:22:07","slug":"idojaras-allomas-10-meteres-allvanyzattal","status":"publish","type":"product","link":"https:\/\/shop.idokep.hu\/?product=idojaras-allomas-10-meteres-allvanyzattal","title":{"rendered":"Id\u0151j\u00e1r\u00e1s \u00c1llom\u00e1s 10 M\u00e9teres \u00c1llv\u00e1nyzattal"},"content":{"rendered":"<p>Egy teljes, minden fontos id\u0151j\u00e1r\u00e1si param\u00e9tert m\u00e9rni k\u00e9pes, prec\u00edz, m\u00e1sodperces sz\u00e9lm\u00e9r\u0151vel ell\u00e1tott  professzion\u00e1lis id\u0151j\u00e1r\u00e1s-\u00e1llom\u00e1s, az eszk\u00f6zzel kompatibilis 10 m\u00e9teres \u00e1llv\u00e1nyzat \u00e9s egy v\u00edzhatlan, szabadt\u00e9ren is elhelyezhet\u0151, k\u00fclt\u00e9ri internet illeszt\u0151 kombin\u00e1ci\u00f3j\u00e1b\u00f3l \u00e1ll\u00f3 internet-id\u0151j\u00e1r\u00e1s \u00e1llom\u00e1s, amely k\u00f6zvetlen\u00fcl, sz\u00e1m\u00edt\u00f3g\u00e9p n\u00e9lk\u00fcl k\u00e9pes kapcsol\u00f3dni az Id\u0151k\u00e9p Pro szervereihez.<\/p>\n<p>Az id\u0151j\u00e1r\u00e1s \u00e1llom\u00e1s k\u00f6zvetlen\u00fcl (sz\u00e1m\u00edt\u00f3g\u00e9p n\u00e9lk\u00fcl) k\u00e9pes kapcsol\u00f3dni az Id\u0151k\u00e9p PRO szervereihez, amelyek val\u00f3s id\u0151ben, folyamatosan friss\u00edtve elk\u00e9sz\u00edtik a felhaszn\u00e1l\u00f3 sz\u00e1m\u00e1ra a helyi viszonyokat mutat\u00f3, nagy felbont\u00e1s\u00fa  grafikonokat \u00e9s kimutat\u00e1sokat, illetve k\u00e9t modult, melyet a felhaszn\u00e1l\u00f3 a saj\u00e1t honlapj\u00e1ba is beilleszthet.<br \/>\nM\u0171k\u00f6d\u00e9s\u00e9hez a telep\u00edt\u00e9s helysz\u00edn\u00e9n h\u00e1l\u00f3zati fesz\u00fclts\u00e9gre, \u00e9s lan k\u00e1belen biztos\u00edtott internet el\u00e9r\u00e9si pontra van sz\u00fcks\u00e9g.<\/p>\n<p>Az \u00f6ssze\u00e1ll\u00edt\u00e1s teh\u00e1t a k\u00f6vetkez\u0151ket tartalmazza:<\/p>\n<p>1. Komplett meteorol\u00f3giai \u00e1llom\u00e1s: a fontosabb id\u0151j\u00e1r\u00e1si param\u00e9tereket m\u00e9rni k\u00e9pes professzion\u00e1lis id\u0151j\u00e1r\u00e1s-\u00e1llom\u00e1sok prec\u00edzebb m\u00e1sodperces sz\u00e9lm\u00e9r\u0151vel ell\u00e1tott modellje. K\u00fclt\u00e9ri h\u0151m\u00e9rs\u00e9klet- \u00e9s p\u00e1ratartalom, l\u00e9gnyom\u00e1s, csapad\u00e9k, sz\u00e9ler\u0151 \u00e9s sz\u00e9lir\u00e1ny \u00e9rz\u00e9kel\u00e9s.<\/p>\n<p>2. 10 m\u00e9teres \u00e1llv\u00e1nyzat: A konstrukci\u00f3 WMO szabv\u00e1nynak megfelel\u0151en lett kialak\u00edtva, \u00edgy maga a sz\u00e9lm\u00e9r\u0151 10 m\u00e9teren az \u00e1rny\u00e9kol\u00f3ban elhelyezett h\u0151m\u00e9rs\u00e9klet \u00e9s a f\u0151 keresztelem m\u00e1sik v\u00e9g\u00e9n l\u00e9v\u0151 csapad\u00e9km\u00e9r\u0151 2 m\u00e9teres magass\u00e1gban tal\u00e1lhat\u00f3. A szerkezet k\u00f6nny\u0171, teleszk\u00f3pszer\u0171en egym\u00e1sba cs\u00fasz\u00f3 alum\u00ednium elemekb\u0151l \u00e1ll, amit 3 magass\u00e1gban 3-3-3 ac\u00e9l fesz\u00edt\u0151k\u00e1bel r\u00f6gz\u00edt, az \u00e1llv\u00e1nyt\u00f3l 3-2-3,4 m\u00e9terre, 120 fokonk\u00e9nt.<\/p>\n<p>3. IP illeszt\u0151: Internet-illeszt\u0151 modul, amely WiFi router is egyben. Seg\u00edts\u00e9g\u00e9vel lehet\u0151v\u00e9 v\u00e1lik az \u00e1llom\u00e1sok k\u00f6zvetlen csatlakoztat\u00e1sa az internethez ill. a Id\u0151k\u00e9p Pro rendszer\u00e9hez is, sz\u00e1m\u00edt\u00f3g\u00e9p n\u00e9lk\u00fcl. Az eszk\u00f6z fogyaszt\u00e1sa igen csek\u00e9ly, az id\u0151j\u00e1r\u00e1s-\u00e1llom\u00e1ssal egy\u00fctt is csup\u00e1n n\u00e9h\u00e1ny watt. Az \u00e1ramfelhaszn\u00e1l\u00e1s miatt havonta t\u00f6bb, mint 90-95%-os k\u00f6lts\u00e9gcs\u00f6kken\u00e9s \u00e9rhet\u0151 el a sz\u00e1m\u00edt\u00f3g\u00e9ppel t\u00f6rt\u00e9n\u0151 adattov\u00e1bb\u00edt\u00e1shoz k\u00e9pest. POE technol\u00f3gi\u00e1ra is k\u00e9pes WAN port-on kereszt\u00fcl.<\/p>\n<p>4. \u00c1rny\u00e9kol\u00f3: a thermo-hygro szenzor \u00e1rny\u00e9kol\u00e1s\u00e1ra szolg\u00e1l. C\u00e9lja, hogy a m\u0171szert megv\u00e9dje a direkt sug\u00e1rz\u00e1st\u00f3l \u00e9s a csapad\u00e9kt\u00f3l, z\u00e1rt t\u00e9rben biztos\u00edtva a szell\u0151ztet\u00e9st is. Az \u00e1llv\u00e1nyzat 2 m\u00e9teres magass\u00e1g\u00e1ban tal\u00e1lhat\u00f3 ny\u00falv\u00e1nyra ker\u00fcl elhelyez\u00e9sre. Egyedi, magunk \u00e1ltal gy\u00e1rtott eszk\u00f6z.<\/p>\n<p>A Viharvad\u00e1sz Kft.  az \u00fatik\u00f6lts\u00e9g megt\u00e9r\u00edt\u00e9se mellett, 80.000 Ft + \u00c1fa ellen\u00e9ben v\u00e1llalja, az \u00e1llom\u00e1s szakszer\u0171 telep\u00edt\u00e9s\u00e9t \u00e9s be\u00fczemel\u00e9s\u00e9t.<\/p>\n<p>Ez az al\u00e1bbiakra terjed ki: \u00e1llv\u00e1nyzat fel\u00e1ll\u00edt\u00e1sa a kijel\u00f6lt helyre; a megfelel\u0151 szenzorok felszerel\u00e9se az \u00e1llv\u00e1nyzatra (h\u0151m\u00e9r\u0151h\u00e1z, sz\u00e9lm\u00e9r\u0151, csapad\u00e9km\u00e9r\u0151); komplett bek\u00e1belez\u00e9s; 15 m\u00e9terig terjed\u0151 f\u00f6ldmunk\u00e1k (g\u00e9gecs\u0151be tett k\u00e1belnek az \u00e1rok ki\u00e1s\u00e1sa \u00e9s visszatemet\u00e9se) eg\u00e9szen az internetel\u00e9rhet\u0151s\u00e9get ad\u00f3 eszk\u00f6zig (pl. router\/switch).<\/p>\n<p>Ha a k\u00e1belez\u00e9si f\u00f6ldmunk\u00e1k meghaladj\u00e1k az 15 m\u00e9tert, brutt\u00f3 400 Ft\/m\u00e9teres fel\u00e1rral t\u00f6rt\u00e9nik a telep\u00edt\u00e9si m\u0171velet. Az \u00f6sszeg mag\u00e1ban foglalja a munkad\u00edjat \u00e9s minden sz\u00fcks\u00e9ges anyagk\u00f6lts\u00e9get (pl. \u00e1rok ki\u00e1s\u00e1sa, k\u00e1bel g\u00e9gecs\u0151be val\u00f3 beh\u00faz\u00e1sa \u00e9s f\u00f6ldbe behelyez\u00e9se, majd az \u00e1rok visszatemet\u00e9se).<\/p>\n<p>Megfelel\u0151 er\u0151ss\u00e9g\u0171 wifi-s jel mellett is m\u0171k\u00f6d\u0151k\u00e9pes a konstrukci\u00f3.<\/p>\n<p>95 m\u00e9teres t\u00e1vols\u00e1gon t\u00fal, a jeler\u0151ss\u00e9g cs\u00f6kken az \u00e1llom\u00e1shoz kivezetett internetk\u00e1belben, \u00edgy jeler\u0151s\u00edt\u0151 elhelyez\u00e9s\u00e9re van sz\u00fcks\u00e9g, amely tov\u00e1bbi k\u00f6lts\u00e9geket von maga ut\u00e1n. Az \u00e1r helyzetenk\u00e9nt elt\u00e9r\u0151 lehet.<\/p>\n<p>R\u00e9szletek\u00e9rt a k\u00f6vetkez\u0151 telefonsz\u00e1mokon \u00e9rdekl\u0151dhetnek: +36 20 430 4890 (Spiller K\u00e1roly)<\/p>\n","protected":false},"excerpt":{"rendered":"<p>Egy teljes, minden fontos id\u0151j\u00e1r\u00e1si param\u00e9tert m\u00e9rni k\u00e9pes, prec\u00edz, m\u00e1sodperces sz\u00e9lm\u00e9r\u0151vel ell\u00e1tott  professzion\u00e1lis id\u0151j\u00e1r\u00e1s-\u00e1llom\u00e1s, az eszk\u00f6zzel kompatibilis 10 m\u00e9teres \u00e1llv\u00e1nyzat \u00e9s egy v\u00edzhatlan, szabadt\u00e9ren is elhelyezhet\u0151, k\u00fclt\u00e9ri internet illeszt\u0151 kombin\u00e1ci\u00f3j\u00e1b\u00f3l \u00e1ll\u00f3 internet-id\u0151j\u00e1r\u00e1s \u00e1llom\u00e1s, amely k\u00f6zvetlen\u00fcl, sz\u00e1m\u00edt\u00f3g\u00e9p n\u00e9lk\u00fcl k\u00e9pes kapcsol\u00f3dni az Id\u0151k\u00e9p Pro szervereihez.<\/p>\n","protected":false},"featured_media":639,"template":"","meta":[],"product_brand":[],"product_cat":[113],"product_tag":[],"class_list":{"0":"post-638","1":"product","2":"type-product","3":"status-publish","4":"has-post-thumbnail","6":"product_cat-idojaras-allomasok-es-tartozekok","7":"blog_entry clearfix","9":"first","10":"instock","11":"shipping-taxable","12":"purchasable","13":"product-type-simple"},"_links":{"self":[{"href":"https:\/\/shop.idokep.hu\/index.php?rest_route=\/wp\/v2\/product\/638","targetHints":{"allow":["GET"]}}],"collection":[{"href":"https:\/\/shop.idokep.hu\/index.php?rest_route=\/wp\/v2\/product"}],"about":[{"href":"https:\/\/shop.idokep.hu\/index.php?rest_route=\/wp\/v2\/types\/product"}],"wp:featuredmedia":[{"embeddable":true,"href":"https:\/\/shop.idokep.hu\/index.php?rest_route=\/wp\/v2\/media\/639"}],"wp:attachment":[{"href":"https:\/\/shop.idokep.hu\/index.php?rest_route=%2Fwp%2Fv2%2Fmedia&parent=638"}],"wp:term":[{"taxonomy":"product_brand","embeddable":true,"href":"https:\/\/shop.idokep.hu\/index.php?rest_route=%2Fwp%2Fv2%2Fproduct_brand&post=638"},{"taxonomy":"product_cat","embeddable":true,"href":"https:\/\/shop.idokep.hu\/index.php?rest_route=%2Fwp%2Fv2%2Fproduct_cat&post=638"},{"taxonomy":"product_tag","embeddable":true,"href":"https:\/\/shop.idokep.hu\/index.php?rest_route=%2Fwp%2Fv2%2Fproduct_tag&post=638"}],"curies":[{"name":"wp","href":"https:\/\/api.w.org\/{rel}","templated":true}]}}