{"id":636,"date":"2024-03-10T14:20:38","date_gmt":"2024-03-10T13:20:38","guid":{"rendered":"https:\/\/shop2024.idokep.hu\/?post_type=product&#038;p=636"},"modified":"2024-03-10T14:20:38","modified_gmt":"2024-03-10T13:20:38","slug":"idojaras-allomas-25-meteres-allvanyzattal-szelmero-nelkuli-valtozat","status":"publish","type":"product","link":"https:\/\/shop.idokep.hu\/?product=idojaras-allomas-25-meteres-allvanyzattal-szelmero-nelkuli-valtozat","title":{"rendered":"Id\u0151j\u00e1r\u00e1s \u00c1llom\u00e1s 2,5 M\u00e9teres \u00c1llv\u00e1nyzattal \u2013 Sz\u00e9lm\u00e9r\u0151 N\u00e9lk\u00fcli V\u00e1ltozat"},"content":{"rendered":"<p>Az id\u0151j\u00e1r\u00e1s \u00e1llom\u00e1s k\u00f6zvetlen\u00fcl (sz\u00e1m\u00edt\u00f3g\u00e9p n\u00e9lk\u00fcl) k\u00e9pes kapcsol\u00f3dni az Id\u0151k\u00e9p PRO szervereihez, amelyek val\u00f3s id\u0151ben, folyamatosan friss\u00edtve elk\u00e9sz\u00edtik a felhaszn\u00e1l\u00f3 sz\u00e1m\u00e1ra a helyi viszonyokat mutat\u00f3, nagy felbont\u00e1s\u00fa  grafikonokat \u00e9s kimutat\u00e1sokat, illetve egy modult, melyet a felhaszn\u00e1l\u00f3 a saj\u00e1t honlapj\u00e1ba is beilleszthet.<br \/>\nM\u0171k\u00f6d\u00e9s\u00e9hez a telep\u00edt\u00e9s helysz\u00edn\u00e9n h\u00e1l\u00f3zati fesz\u00fclts\u00e9gre, \u00e9s Lan k\u00e1belen biztos\u00edtott internet el\u00e9r\u00e9si pontra van sz\u00fcks\u00e9g.<\/p>\n<p>Az \u00f6ssze\u00e1ll\u00edt\u00e1s teh\u00e1t a k\u00f6vetkez\u0151ket tartalmazza:<\/p>\n<p>1. Komplett meteorol\u00f3giai \u00e1llom\u00e1s:  K\u00fclt\u00e9ri h\u0151m\u00e9rs\u00e9klet, p\u00e1ratartalom, l\u00e9gnyom\u00e1s, csapad\u00e9k,<\/p>\n<p>2. 2,5 m\u00e9teres \u00e1llv\u00e1nyzat: A konstrukci\u00f3 WMO szabv\u00e1nynak megfelel\u0151en lett kialak\u00edtva. Az \u00e1rny\u00e9kol\u00f3ban elhelyezett h\u0151m\u00e9rs\u00e9klet \u00e9s a f\u0151 keresztelem m\u00e1sik v\u00e9g\u00e9n l\u00e9v\u0151 csapad\u00e9km\u00e9r\u0151 2 m\u00e9teres magass\u00e1gban tal\u00e1lhat\u00f3. 2 m\u00e9teres magass\u00e1gban 3 ac\u00e9l fesz\u00edt\u0151k\u00e1bel r\u00f6gz\u00edti, az \u00e1llv\u00e1nyt\u00f3l 1 m\u00e9terre, 120 fokonk\u00e9nt.<\/p>\n<p>3. IP illeszt\u0151: Internet-illeszt\u0151 modul, amely WiFi router is egyben. Seg\u00edts\u00e9g\u00e9vel lehet\u0151v\u00e9 v\u00e1lik az \u00e1llom\u00e1sok k\u00f6zvetlen csatlakoztat\u00e1sa az internethez ill. a Id\u0151k\u00e9p Pro rendszer\u00e9hez is, sz\u00e1m\u00edt\u00f3g\u00e9p n\u00e9lk\u00fcl. Az eszk\u00f6z fogyaszt\u00e1sa igen csek\u00e9ly, az id\u0151j\u00e1r\u00e1s-\u00e1llom\u00e1ssal egy\u00fctt is csup\u00e1n n\u00e9h\u00e1ny watt. Az \u00e1ramfelhaszn\u00e1l\u00e1s miatt havonta t\u00f6bb, mint 90-95%-os k\u00f6lts\u00e9gcs\u00f6kken\u00e9s \u00e9rhet\u0151 el a sz\u00e1m\u00edt\u00f3g\u00e9ppel t\u00f6rt\u00e9n\u0151 adattov\u00e1bb\u00edt\u00e1shoz k\u00e9pest. POE technol\u00f3gi\u00e1ra is k\u00e9pes WAN port-on kereszt\u00fcl.<\/p>\n<p>4. \u00c1rny\u00e9kol\u00f3: a thermo-hygro szenzor \u00e1rny\u00e9kol\u00e1s\u00e1ra szolg\u00e1l. C\u00e9lja, hogy a m\u0171szert megv\u00e9dje a direkt sug\u00e1rz\u00e1st\u00f3l \u00e9s a csapad\u00e9kt\u00f3l, z\u00e1rt t\u00e9rben biztos\u00edtva a szell\u0151ztet\u00e9st is. Az \u00e1llv\u00e1nyzat 2 m\u00e9teres magass\u00e1g\u00e1ban tal\u00e1lhat\u00f3 ny\u00falv\u00e1nyra ker\u00fcl elhelyez\u00e9sre. Egyedi, magunk \u00e1ltal gy\u00e1rtott eszk\u00f6z.<\/p>\n<p>Megfelel\u0151 er\u0151ss\u00e9g\u0171 wifi-s jel mellett is m\u0171k\u00f6d\u0151k\u00e9pes a konstrukci\u00f3.<\/p>\n","protected":false},"excerpt":{"rendered":"<p>Az id\u0151j\u00e1r\u00e1s \u00e1llom\u00e1s k\u00f6zvetlen\u00fcl (sz\u00e1m\u00edt\u00f3g\u00e9p n\u00e9lk\u00fcl) k\u00e9pes kapcsol\u00f3dni az Id\u0151k\u00e9p PRO szervereihez, amelyek val\u00f3s id\u0151ben, folyamatosan friss\u00edtve elk\u00e9sz\u00edtik a felhaszn\u00e1l\u00f3 sz\u00e1m\u00e1ra a helyi viszonyokat mutat\u00f3, nagy felbont\u00e1s\u00fa  grafikonokat \u00e9s kimutat\u00e1sokat, illetve egy modult, melyet a felhaszn\u00e1l\u00f3 a saj\u00e1t honlapj\u00e1ba is beilleszthet.<br \/>\nM\u0171k\u00f6d\u00e9s\u00e9hez a telep\u00edt\u00e9s helysz\u00edn\u00e9n h\u00e1l\u00f3zati fesz\u00fclts\u00e9gre, \u00e9s Lan k\u00e1belen biztos\u00edtott internet el\u00e9r\u00e9si pontra van sz\u00fcks\u00e9g.<\/p>\n","protected":false},"featured_media":637,"template":"","meta":[],"product_brand":[],"product_cat":[113],"product_tag":[],"class_list":{"0":"post-636","1":"product","2":"type-product","3":"status-publish","4":"has-post-thumbnail","6":"product_cat-idojaras-allomasok-es-tartozekok","7":"blog_entry clearfix","9":"first","10":"instock","11":"shipping-taxable","12":"purchasable","13":"product-type-simple"},"_links":{"self":[{"href":"https:\/\/shop.idokep.hu\/index.php?rest_route=\/wp\/v2\/product\/636","targetHints":{"allow":["GET"]}}],"collection":[{"href":"https:\/\/shop.idokep.hu\/index.php?rest_route=\/wp\/v2\/product"}],"about":[{"href":"https:\/\/shop.idokep.hu\/index.php?rest_route=\/wp\/v2\/types\/product"}],"wp:featuredmedia":[{"embeddable":true,"href":"https:\/\/shop.idokep.hu\/index.php?rest_route=\/wp\/v2\/media\/637"}],"wp:attachment":[{"href":"https:\/\/shop.idokep.hu\/index.php?rest_route=%2Fwp%2Fv2%2Fmedia&parent=636"}],"wp:term":[{"taxonomy":"product_brand","embeddable":true,"href":"https:\/\/shop.idokep.hu\/index.php?rest_route=%2Fwp%2Fv2%2Fproduct_brand&post=636"},{"taxonomy":"product_cat","embeddable":true,"href":"https:\/\/shop.idokep.hu\/index.php?rest_route=%2Fwp%2Fv2%2Fproduct_cat&post=636"},{"taxonomy":"product_tag","embeddable":true,"href":"https:\/\/shop.idokep.hu\/index.php?rest_route=%2Fwp%2Fv2%2Fproduct_tag&post=636"}],"curies":[{"name":"wp","href":"https:\/\/api.w.org\/{rel}","templated":true}]}}