{"id":611,"date":"2024-03-09T15:36:35","date_gmt":"2024-03-09T14:36:35","guid":{"rendered":"https:\/\/shop2024.idokep.hu\/?post_type=product&#038;p=611"},"modified":"2024-06-12T09:46:09","modified_gmt":"2024-06-12T08:46:09","slug":"internet-illeszto-ip-modul-idokepes-allomasokhoz","status":"publish","type":"product","link":"https:\/\/shop.idokep.hu\/?product=internet-illeszto-ip-modul-idokepes-allomasokhoz","title":{"rendered":"Internet Illeszt\u0151 IP Modul Id\u0151k\u00e9pes \u00c1llom\u00e1sokhoz"},"content":{"rendered":"<p>Internet-illeszt\u0151 modul, amely WiFi router is egyben. Seg\u00edts\u00e9g\u00e9vel lehet\u0151v\u00e9 v\u00e1lik az \u00e1llom\u00e1sok k\u00f6zvetlen csatlakoztat\u00e1sa az internethez ill. az Id\u0151k\u00e9p Pro rendszer\u00e9hez is, sz\u00e1m\u00edt\u00f3g\u00e9p n\u00e9lk\u00fcl.Aj\u00e1nlott minden esetben az eszk\u00f6z k\u00e1belen (UTP Cat6-os ethernet k\u00e1bel) val\u00f3 csatlakoztat\u00e1sa, hiszen a k\u00f6zvetlen \u00f6sszek\u00f6ttet\u00e9s a legstabilabb, k\u00e9pes POE-n, k\u00f6zvetlen\u00fcl WAN port-on kommunik\u00e1lni.<\/p>\n<p>Egyedi firmware-el rendelkezik, melyen t\u00f6bb rj11-es \u00e9s 1 db usb\u00a0 port is tal\u00e1lhat\u00f3. Ezekbe t\u00f6rt\u00e9nik a szenzorok k\u00e1beles csatlakoztat\u00e1sa.<\/p>\n<p>Az eszk\u00f6z v\u00e9gzi a titkos\u00edtott kommunik\u00e1ci\u00f3t a szervereink fel\u00e9, \u00edgy biztos\u00edtva a m\u00e9r\u00e9si adatok integrit\u00e1s\u00e1t. A VPN kapcsolaton kereszt\u00fcl k\u00f6zpontilag t\u00e1volr\u00f3l fel\u00fcgyelni lehet a m\u00e9r\u0151eszk\u00f6z\u00f6ket, azonos\u00edtani \u00e9s felt\u00e1rni az esetleges hib\u00e1kat, \u00e9s \u00fctemezni a karbantart\u00e1sokat \u00e9s elv\u00e9gezni a sz\u00fcks\u00e9ges kalibr\u00e1ci\u00f3kat.<\/p>\n","protected":false},"excerpt":{"rendered":"<p>Internet-illeszt\u0151 modul, amely WiFi router is egyben. Seg\u00edts\u00e9g\u00e9vel lehet\u0151v\u00e9 v\u00e1lik az \u00e1llom\u00e1sok k\u00f6zvetlen csatlakoztat\u00e1sa az internethez ill. az Id\u0151k\u00e9p Pro rendszer\u00e9hez is, sz\u00e1m\u00edt\u00f3g\u00e9p n\u00e9lk\u00fcl.Aj\u00e1nlott minden esetben az eszk\u00f6z k\u00e1belen (UTP Cat6-os ethernet k\u00e1bel) val\u00f3 csatlakoztat\u00e1sa, hiszen a k\u00f6zvetlen \u00f6sszek\u00f6ttet\u00e9s a legstabilabb, k\u00e9pes POE-n, k\u00f6zvetlen\u00fcl WAN port-on kommunik\u00e1lni. Egyedi firmware-el rendelkezik, melyen t\u00f6bb rj11-es \u00e9s 1<\/p>\n<div class=\"klb-readmore\"><a href=\"https:\/\/shop.idokep.hu\/?product=internet-illeszto-ip-modul-idokepes-allomasokhoz\" class=\"btn\">READ MORE<\/a><\/div>\n","protected":false},"featured_media":612,"template":"","meta":[],"product_brand":[],"product_cat":[113],"product_tag":[],"class_list":{"0":"post-611","1":"product","2":"type-product","3":"status-publish","4":"has-post-thumbnail","6":"product_cat-idojaras-allomasok-es-tartozekok","7":"blog_entry clearfix","9":"first","10":"instock","11":"shipping-taxable","12":"purchasable","13":"product-type-simple"},"_links":{"self":[{"href":"https:\/\/shop.idokep.hu\/index.php?rest_route=\/wp\/v2\/product\/611","targetHints":{"allow":["GET"]}}],"collection":[{"href":"https:\/\/shop.idokep.hu\/index.php?rest_route=\/wp\/v2\/product"}],"about":[{"href":"https:\/\/shop.idokep.hu\/index.php?rest_route=\/wp\/v2\/types\/product"}],"wp:featuredmedia":[{"embeddable":true,"href":"https:\/\/shop.idokep.hu\/index.php?rest_route=\/wp\/v2\/media\/612"}],"wp:attachment":[{"href":"https:\/\/shop.idokep.hu\/index.php?rest_route=%2Fwp%2Fv2%2Fmedia&parent=611"}],"wp:term":[{"taxonomy":"product_brand","embeddable":true,"href":"https:\/\/shop.idokep.hu\/index.php?rest_route=%2Fwp%2Fv2%2Fproduct_brand&post=611"},{"taxonomy":"product_cat","embeddable":true,"href":"https:\/\/shop.idokep.hu\/index.php?rest_route=%2Fwp%2Fv2%2Fproduct_cat&post=611"},{"taxonomy":"product_tag","embeddable":true,"href":"https:\/\/shop.idokep.hu\/index.php?rest_route=%2Fwp%2Fv2%2Fproduct_tag&post=611"}],"curies":[{"name":"wp","href":"https:\/\/api.w.org\/{rel}","templated":true}]}}