{"id":609,"date":"2024-03-09T15:34:29","date_gmt":"2024-03-09T14:34:29","guid":{"rendered":"https:\/\/shop2024.idokep.hu\/?post_type=product&#038;p=609"},"modified":"2024-03-09T15:34:29","modified_gmt":"2024-03-09T14:34:29","slug":"hengeres-csapadekmero","status":"publish","type":"product","link":"https:\/\/shop.idokep.hu\/?product=hengeres-csapadekmero","title":{"rendered":"Hengeres Csapad\u00e9km\u00e9r\u0151"},"content":{"rendered":"<p>A \u201eWS 2350\u201d \u00e9s a \u201ek\u00fclt\u00e9ri komplett meteorol\u00f3giai\u201d \u00e1llom\u00e1sokkal kompatibilis csapad\u00e9km\u00e9r\u0151. K\u00e1beles csatlakoz\u00e1s! \u00d6n\u00e1ll\u00f3an nem \u00fczemk\u00e9pes!<\/p>\n","protected":false},"excerpt":{"rendered":"<p>A \u201eWS 2350\u201d \u00e9s a \u201ek\u00fclt\u00e9ri komplett meteorol\u00f3giai\u201d \u00e1llom\u00e1sokkal kompatibilis csapad\u00e9km\u00e9r\u0151. K\u00e1beles csatlakoz\u00e1s! \u00d6n\u00e1ll\u00f3an nem \u00fczemk\u00e9pes!<\/p>\n","protected":false},"featured_media":610,"template":"","meta":[],"product_brand":[],"product_cat":[113],"product_tag":[],"class_list":{"0":"post-609","1":"product","2":"type-product","3":"status-publish","4":"has-post-thumbnail","6":"product_cat-idojaras-allomasok-es-tartozekok","7":"blog_entry clearfix","9":"first","10":"instock","11":"shipping-taxable","12":"purchasable","13":"product-type-simple"},"_links":{"self":[{"href":"https:\/\/shop.idokep.hu\/index.php?rest_route=\/wp\/v2\/product\/609","targetHints":{"allow":["GET"]}}],"collection":[{"href":"https:\/\/shop.idokep.hu\/index.php?rest_route=\/wp\/v2\/product"}],"about":[{"href":"https:\/\/shop.idokep.hu\/index.php?rest_route=\/wp\/v2\/types\/product"}],"wp:featuredmedia":[{"embeddable":true,"href":"https:\/\/shop.idokep.hu\/index.php?rest_route=\/wp\/v2\/media\/610"}],"wp:attachment":[{"href":"https:\/\/shop.idokep.hu\/index.php?rest_route=%2Fwp%2Fv2%2Fmedia&parent=609"}],"wp:term":[{"taxonomy":"product_brand","embeddable":true,"href":"https:\/\/shop.idokep.hu\/index.php?rest_route=%2Fwp%2Fv2%2Fproduct_brand&post=609"},{"taxonomy":"product_cat","embeddable":true,"href":"https:\/\/shop.idokep.hu\/index.php?rest_route=%2Fwp%2Fv2%2Fproduct_cat&post=609"},{"taxonomy":"product_tag","embeddable":true,"href":"https:\/\/shop.idokep.hu\/index.php?rest_route=%2Fwp%2Fv2%2Fproduct_tag&post=609"}],"curies":[{"name":"wp","href":"https:\/\/api.w.org\/{rel}","templated":true}]}}