{"id":607,"date":"2024-03-09T15:15:42","date_gmt":"2024-03-09T14:15:42","guid":{"rendered":"https:\/\/shop2024.idokep.hu\/?post_type=product&#038;p=607"},"modified":"2024-04-24T14:12:34","modified_gmt":"2024-04-24T13:12:34","slug":"napelemes-idojaras-allomas","status":"publish","type":"product","link":"https:\/\/shop.idokep.hu\/?product=napelemes-idojaras-allomas","title":{"rendered":"NAPELEMES ID\u0150J\u00c1R\u00c1S \u00c1LLOM\u00c1S"},"content":{"rendered":"<p>Az Id\u0151k\u00e9p Kft. \u00faj napelemes id\u0151j\u00e1r\u00e1s \u00e1llom\u00e1sa h\u0151m\u00e9rs\u00e9klet, p\u00e1ratartalom, l\u00e9gnyom\u00e1s, harmatpont, csapad\u00e9kmennyis\u00e9g \u00e9s -intenzit\u00e1s m\u00e9r\u00e9s\u00e9re alkalmas. Sem h\u00e1l\u00f3zati t\u00e1pell\u00e1t\u00e1sra, sem vezet\u00e9kes internet kapcsolatra nincs sz\u00fcks\u00e9ge, a m\u0171k\u00f6d\u00e9s\u00e9hez sz\u00fcks\u00e9ges energi\u00e1t a napelemr\u0151l, \u00e9jszaka pedig a be\u00e9p\u00edtett akkumul\u00e1torr\u00f3l kapja. A m\u00e9rt adatokat GSM egys\u00e9ge seg\u00edts\u00e9g\u00e9vel az Id\u0151k\u00e9p rendszer\u00e9ben regisztr\u00e1lt \u00e1llom\u00e1shoz folyamatosan tov\u00e1bb\u00edtja.<br \/>\nA napelemes \u00e1llom\u00e1st olyan szabadt\u00e9ri helysz\u00ednre kell telep\u00edteni, ahol a t\u00e9li naps\u00fct\u00e9s a napszak sz\u00e1mottev\u0151 id\u0151szak\u00e1ban \u00e9ri a napelemet. Lehet\u0151leg ker\u00fclj\u00fck a terept\u00e1rgyak okozta \u00e1rny\u00e9kok r\u00e1vet\u00fcl\u00e9s\u00e9t a napelemre (fa\u00e1gak, falevelek, oszlopok, k\u00e9m\u00e9ny, stb.), \u00e9s a telep\u00edtett napelem n\u00e9zzen d\u00e9li ir\u00e1nyba. GSM lefedetts\u00e9g sz\u00fcks\u00e9ges.<br \/>\nA rendszer tartoz\u00e9kai:<br \/>\n1. Meteorol\u00f3giai \u00e1llom\u00e1s: h\u0151m\u00e9r\u0151h\u00e1z (benne a h\u0151-,p\u00e1ratartalom- \u00e9s l\u00e9gnyom\u00e1sm\u00e9r\u0151 szenzor) + csapad\u00e9km\u00e9r\u0151<br \/>\n2. 2,5 m\u00e9teres \u00e1llv\u00e1nyzat (oszlop \u00e9s konzolok)<br \/>\n3. Akkumul\u00e1tor doboz<br \/>\n4. Elektronika doboz<br \/>\n5. Napelem<br \/>\n6. K\u00e1belez\u00e9s<br \/>\nAz id\u0151j\u00e1r\u00e1s \u00e1llom\u00e1s k\u00f6zvetlen\u00fcl (sz\u00e1m\u00edt\u00f3g\u00e9p n\u00e9lk\u00fcl) k\u00e9pes kapcsol\u00f3dni az Id\u0151k\u00e9p PRO szervereihez, amelyek val\u00f3s id\u0151ben, folyamatosan friss\u00edtve elk\u00e9sz\u00edtik a felhaszn\u00e1l\u00f3 sz\u00e1m\u00e1ra a helyi viszonyokat mutat\u00f3, nagy felbont\u00e1s\u00fa grafikonokat \u00e9s kimutat\u00e1sokat, illetve egy modult, melyet a felhaszn\u00e1l\u00f3 a saj\u00e1t honlapj\u00e1ba is beilleszthet.<br \/>\nM\u0171k\u00f6d\u00e9s<br \/>\nAz Id\u0151k\u00e9p Kft. napelemes id\u0151j\u00e1r\u00e1s \u00e1llom\u00e1sa egy komplett auton\u00f3m rendszer, mely folyamatosan m\u00e9ri \u00e9s k\u00fcldi az id\u0151j\u00e1r\u00e1si adatokat az Id\u0151k\u00e9p rendszer\u00e9ben regisztr\u00e1lt \u00e1llom\u00e1shoz. A rendszernek nincs sz\u00fcks\u00e9ge sem h\u00e1l\u00f3zati t\u00e1pell\u00e1t\u00e1sra, sem vezet\u00e9kes internet kapcsolatra.<br \/>\nA rendszer folyamatos \u00fczem\u00e9hez sz\u00fcks\u00e9ges energi\u00e1t az akkumul\u00e1tor biztos\u00edtja. Az akkumul\u00e1tor t\u00f6lt\u00e9s\u00e9t a k\u00f6zponti egys\u00e9gen telep\u00edtett t\u00f6lt\u0151 \u00e1ramk\u00f6r v\u00e9gzi a napelemr\u0151l nyert energi\u00e1b\u00f3l.<br \/>\nAz id\u0151j\u00e1r\u00e1si adatok kiolvas\u00e1sa \u00e9s felk\u00fcld\u00e9se percenk\u00e9nt t\u00f6rt\u00e9nik. Ez az \u00e9rt\u00e9k a rendszer\u00fczemeltet\u0151 \u00e1ltal r\u00f6vid id\u0151re v\u00e1ltoztathat\u00f3.<\/p>\n<p>Telep\u00edt\u00e9si ir\u00e1nyelvek<br \/>\nA napelemet olyan szabadt\u00e9ri helysz\u00ednre kell telep\u00edteni, ahol a t\u00e9li naps\u00fct\u00e9s a napszak min\u00e9l hosszabb id\u0151szak\u00e1ban \u00e9ri, de legal\u00e1bb 4 \u00f3r\u00e1n \u00e1t. Lehet\u0151leg ker\u00fclj\u00fck a terept\u00e1rgyak okozta \u00e1rny\u00e9kok r\u00e1vet\u00fcl\u00e9s\u00e9t a napelemre (fa\u00e1gak, falevelek, oszlopok, k\u00e9m\u00e9ny, stb.), mert az cs\u00f6kkenti a t\u00f6lt\u00e9s eredm\u00e9nyess\u00e9g\u00e9t.<br \/>\nA telep\u00edtett napelem n\u00e9zzen d\u00e9li ir\u00e1nyba (+\/-10\u00b0 elt\u00e9r\u00e9s megengedett), d\u0151l\u00e9ssz\u00f6ge 45\u00b0-ban az \u00e9g fel\u00e9 ford\u00edtott legyen.<\/p>\n<p>&nbsp;<\/p>\n<p><img loading=\"lazy\" decoding=\"async\" class=\"wp-image-814 aligncenter\" src=\"https:\/\/shop.idokep.hu\/wp-content\/uploads\/2024\/03\/IMG_9820-230x300.jpg\" alt=\"\" width=\"271\" height=\"354\" srcset=\"https:\/\/shop.idokep.hu\/wp-content\/uploads\/2024\/03\/IMG_9820-230x300.jpg 230w, https:\/\/shop.idokep.hu\/wp-content\/uploads\/2024\/03\/IMG_9820-785x1024.jpg 785w, https:\/\/shop.idokep.hu\/wp-content\/uploads\/2024\/03\/IMG_9820-768x1002.jpg 768w, https:\/\/shop.idokep.hu\/wp-content\/uploads\/2024\/03\/IMG_9820-1177x1536.jpg 1177w, https:\/\/shop.idokep.hu\/wp-content\/uploads\/2024\/03\/IMG_9820-1569x2048.jpg 1569w, https:\/\/shop.idokep.hu\/wp-content\/uploads\/2024\/03\/IMG_9820-600x783.jpg 600w, https:\/\/shop.idokep.hu\/wp-content\/uploads\/2024\/03\/IMG_9820-scaled.jpg 1962w\" sizes=\"auto, (max-width: 271px) 100vw, 271px\" \/><\/p>\n<p>M\u0171szaki adatok:<\/p>\n<p>Adatkapcsolat: GSM 2G, GPRS, 900MHz.<br \/>\nMaxim\u00e1lis ad\u00e1s teljes\u00edtm\u00e9nye: 2W<br \/>\nLegnagyobb rendszerfesz\u00fclts\u00e9g: 24V<br \/>\nNapelem t\u00edpusa: MWG-10<br \/>\nNapelem teljes\u00edtm\u00e9nye: 10W<br \/>\n\u00dcresj\u00e1r\u00e1si fesz\u00fclts\u00e9ge: 21.67V<br \/>\nAkkumul\u00e1tor t\u00edpusa: Z\u00e1rt \u00f3lomsav (SLA)<br \/>\nAkkumul\u00e1tor n\u00e9vleges fesz\u00fclts\u00e9ge: 12V<br \/>\nAkkumul\u00e1tor kapacit\u00e1sa: 6Ah<\/p>\n<p>Biztos\u00edt\u00e9k t\u00edpusa: 5x20mm 800mA lomha<br \/>\nMax. t\u00f6lt\u0151fesz\u00fclts\u00e9g: 13.8V<br \/>\nAkkumul\u00e1tor min. fesz\u00fclts\u00e9ge (v\u00e9d\u0151\u00e1ramk\u00f6r): 11.8V<br \/>\nNorm\u00e1l \u00fczemi k\u00fcls\u0151 h\u0151m\u00e9rs\u00e9klet tartom\u00e1ny: -20\u00b0C..+45\u00b0C<\/p>\n<p>Budapesten, a harmadik ker\u00fcleti irod\u00e1nkban lehet \u00e1tvenni a k\u00e9sz\u00fcl\u00e9ket. Csak helysz\u00edni \u00e1tv\u00e9telre van lehet\u0151s\u00e9g.<\/p>\n","protected":false},"excerpt":{"rendered":"<p>Az Id\u0151k\u00e9p Kft. \u00faj napelemes id\u0151j\u00e1r\u00e1s \u00e1llom\u00e1sa h\u0151m\u00e9rs\u00e9klet, p\u00e1ratartalom, l\u00e9gnyom\u00e1s, harmatpont, csapad\u00e9kmennyis\u00e9g \u00e9s -intenzit\u00e1s m\u00e9r\u00e9s\u00e9re alkalmas.<\/p>\n","protected":false},"featured_media":815,"template":"","meta":[],"product_brand":[],"product_cat":[113],"product_tag":[],"class_list":{"0":"post-607","1":"product","2":"type-product","3":"status-publish","4":"has-post-thumbnail","6":"product_cat-idojaras-allomasok-es-tartozekok","7":"blog_entry clearfix","9":"first","10":"instock","11":"shipping-taxable","12":"purchasable","13":"product-type-simple"},"_links":{"self":[{"href":"https:\/\/shop.idokep.hu\/index.php?rest_route=\/wp\/v2\/product\/607","targetHints":{"allow":["GET"]}}],"collection":[{"href":"https:\/\/shop.idokep.hu\/index.php?rest_route=\/wp\/v2\/product"}],"about":[{"href":"https:\/\/shop.idokep.hu\/index.php?rest_route=\/wp\/v2\/types\/product"}],"wp:featuredmedia":[{"embeddable":true,"href":"https:\/\/shop.idokep.hu\/index.php?rest_route=\/wp\/v2\/media\/815"}],"wp:attachment":[{"href":"https:\/\/shop.idokep.hu\/index.php?rest_route=%2Fwp%2Fv2%2Fmedia&parent=607"}],"wp:term":[{"taxonomy":"product_brand","embeddable":true,"href":"https:\/\/shop.idokep.hu\/index.php?rest_route=%2Fwp%2Fv2%2Fproduct_brand&post=607"},{"taxonomy":"product_cat","embeddable":true,"href":"https:\/\/shop.idokep.hu\/index.php?rest_route=%2Fwp%2Fv2%2Fproduct_cat&post=607"},{"taxonomy":"product_tag","embeddable":true,"href":"https:\/\/shop.idokep.hu\/index.php?rest_route=%2Fwp%2Fv2%2Fproduct_tag&post=607"}],"curies":[{"name":"wp","href":"https:\/\/api.w.org\/{rel}","templated":true}]}}