{"id":601,"date":"2024-03-09T14:29:59","date_gmt":"2024-03-09T13:29:59","guid":{"rendered":"https:\/\/shop2024.idokep.hu\/?post_type=product&#038;p=601"},"modified":"2024-04-02T16:15:23","modified_gmt":"2024-04-02T15:15:23","slug":"ipw-2314lsa-28swx","status":"publish","type":"product","link":"https:\/\/shop.idokep.hu\/?product=ipw-2314lsa-28swx","title":{"rendered":"IPW-2314LSA-28SWX"},"content":{"rendered":"<p>\u2014 1\/1.8\u2033 NAGYM\u00c9RET\u0170 CMOS \u00c9RZ\u00c9KEL\u0150, MAX. 2688\u00d71520@25 FPS<br \/>\n\u2014 FIX OBJEKT\u00cdV: 2.8 MM\/F1.0 L\u00c1T\u00d3SZ\u00d6G (H): 110.4\u00b0<br \/>\n\u2014 SZ\u00cdNES: 0.0005 LUX, 0 LUX FEH\u00c9R LED BEKAPCSOLVA, 30 M FEH\u00c9RF\u00c9NY\u0170 MEGVIL\u00c1G\u00cdT\u00c1S<br \/>\n\u2014 K\u00c9PS\u0170R\u0170S\u00c9G: 2688\u00d71520@ 25 FPS<br \/>\n\u2014 2 VIDE\u00d3 STREAM 4MP@25 FPS\/720P@30 FPS, ONVIF PROFILE S, PROFILE T + API CSATLAKOZTAT\u00c1S<br \/>\n\u2014 2D\/3D DNR, 120 DB WDR<br \/>\n\u2014 9:16 FOLYOS\u00d3 M\u00d3D<br \/>\n\u2014 MICROSD K\u00c1RTYA T\u00c1MOGAT\u00c1SA (MAX. 128 GB)<br \/>\n\u2014 SMART (VCA): VONAL\u00c1TL\u00c9P\u00c9S\/BEHATOL\u00c1S \u00c9RZ\u00c9KEL\u00c9S EMBERI TEST \u00c9RZ\u00c9KEL\u00c9SE ALAPJ\u00c1N<br \/>\n\u2014 MOZG\u00c1S\u00c9RZ\u00c9KEL\u00c9S \u2013 4 TER\u00dcLET, IQ MOZG\u00c1S\u00c9RZ\u00c9KEL\u00c9S, PRIV\u00c1T Z\u00d3NA \u2013 4 TER\u00dcLET, MAX. 4 DB OSD<br \/>\n\u2014 T\u00c1PELL\u00c1T\u00c1S: 12 V DC \u00b125%\/POE (802.3AF) \u2013 MAX. 6 W, 4 KV T\u00daLFESZ\u00dcLTS\u00c9G V\u00c9DELEM, GRAF\u00c9N CPU H\u0170T\u0150<br \/>\n\u2014 M\u0170K\u00d6D\u00c9SI K\u00d6RNYEZET: -30 \u00b0C ~ +60 \u00b0C, IP V\u00c9DETTS\u00c9G: IP67<br \/>\n\u2014 3-TENGELYES, M\u00c9RETEK: 206 X 73 X 73 MM \u2013 S\u00daLY: 0.47 KG<\/p>\n","protected":false},"excerpt":{"rendered":"<p>FIX OBJEKT\u00cdV: 2.8 MM\/F1.0 L\u00c1T\u00d3SZ\u00d6G (H): 110.4\u00b0<br \/>\n\u2014 SZ\u00cdNES: 0.0005 LUX, 0 LUX FEH\u00c9R LED BEKAPCSOLVA, 30 M FEH\u00c9RF\u00c9NY\u0170 MEGVIL\u00c1G\u00cdT\u00c1S<\/p>\n","protected":false},"featured_media":602,"template":"","meta":[],"product_brand":[],"product_cat":[36],"product_tag":[],"class_list":{"0":"post-601","1":"product","2":"type-product","3":"status-publish","4":"has-post-thumbnail","6":"product_cat-kamerak","7":"blog_entry clearfix","9":"first","10":"instock","11":"shipping-taxable","12":"purchasable","13":"product-type-simple"},"_links":{"self":[{"href":"https:\/\/shop.idokep.hu\/index.php?rest_route=\/wp\/v2\/product\/601","targetHints":{"allow":["GET"]}}],"collection":[{"href":"https:\/\/shop.idokep.hu\/index.php?rest_route=\/wp\/v2\/product"}],"about":[{"href":"https:\/\/shop.idokep.hu\/index.php?rest_route=\/wp\/v2\/types\/product"}],"wp:featuredmedia":[{"embeddable":true,"href":"https:\/\/shop.idokep.hu\/index.php?rest_route=\/wp\/v2\/media\/602"}],"wp:attachment":[{"href":"https:\/\/shop.idokep.hu\/index.php?rest_route=%2Fwp%2Fv2%2Fmedia&parent=601"}],"wp:term":[{"taxonomy":"product_brand","embeddable":true,"href":"https:\/\/shop.idokep.hu\/index.php?rest_route=%2Fwp%2Fv2%2Fproduct_brand&post=601"},{"taxonomy":"product_cat","embeddable":true,"href":"https:\/\/shop.idokep.hu\/index.php?rest_route=%2Fwp%2Fv2%2Fproduct_cat&post=601"},{"taxonomy":"product_tag","embeddable":true,"href":"https:\/\/shop.idokep.hu\/index.php?rest_route=%2Fwp%2Fv2%2Fproduct_tag&post=601"}],"curies":[{"name":"wp","href":"https:\/\/api.w.org\/{rel}","templated":true}]}}