{"id":287,"date":"2019-01-02T10:25:47","date_gmt":"2019-01-02T10:25:47","guid":{"rendered":"http:\/\/klbtheme.com\/qualis\/?page_id=287"},"modified":"2024-03-28T22:14:24","modified_gmt":"2024-03-28T21:14:24","slug":"products-list-view","status":"publish","type":"page","link":"https:\/\/shop.idokep.hu\/?page_id=287","title":{"rendered":"Term\u00e9kek"},"content":{"rendered":"<section class=\"wpb-content-wrapper\"><p>[vc_row][vc_column width=&#8221;3\/4&#8243; css=&#8221;.vc_custom_1546427089916{margin-top: 30px !important;padding-left: 0px !important;}&#8221; klb_responsive=&#8221;.vc_custom_1546427089919{padding-right: 0px !important;padding-left: 0px !important;}&#8221;]<div class=\"category-description std\">\r\n\t\t\t\t\t<div class=\"slider-items-products\">\r\n\t\t\t\t\t\t<div id=\"category-desc-slider\" class=\"product-flexslider hidden-buttons\">\r\n\t\t\t\t\t\t\t<div class=\"slider-items slider-width-col1 owl-carousel owl-theme\">\r\n\t\t\t\t\t\t\t\t<div class=\"item\"><a href=\"#\" target=\"\" title=\"product1\"><img decoding=\"async\" alt=\"product1\" src=\"https:\/\/shop.idokep.hu\/wp-content\/uploads\/2024\/03\/pexels-nikolett-emmert-13063656.jpg\"><\/a><div class=\"cat-img-title cat-bg cat-box\"><div class=\"small-tag\"><span>ID\u0150K\u00c9P <span><\/div><h2 class=\"cat-heading\">ID\u0150J\u00c1R\u00c1S <span>\u00c1LLOM\u00c1SOK<\/span><\/h2><p>KAMER\u00c1K<\/p><\/div><\/div>\r\n\t\t\t\t\t\t\t<\/div>\r\n\t\t\t\t\t\t<\/div>\r\n\t\t\t\t\t<\/div>\r\n\t\t\t\t<\/div><div class=\"pro-coloumn\">\r\n\t\t\t<article>\r\n\t\t\t<div class=\"toolbar\">\r\n\t\t\t\t<div class=\"sorter\">\r\n\t\t\t\t\t<div class=\"view-mode\"> \r\n\t\t\t\t\t\t<a title=\"Grid\" class=\"button-grid\">&nbsp;<\/a>\r\n\t\t\t\t\t\t<a title=\"List\" class=\"button button-active button-list\">&nbsp;<\/a> \r\n\t\t\t\t\t<\/div>\r\n\t\t\t\t<\/div>\r\n\t\t\t<\/div>\r\n\t\t\t\r\n\t\t\t<div class=\"category-products\">\r\n\t\t\t\t<ol class=\"products-list\" id=\"products-list\">\r\n\t\t\t\t<li class=\"item first\"><div class=\"product-image\"> <a href=\"https:\/\/shop.idokep.hu\/?product=masodperces-szelirany-szelsebesseg-es-szellokesmero-csak-szelmero\" title=\"M\u00e1sodperces Sz\u00e9lir\u00e1ny- Sz\u00e9lsebess\u00e9g \u00c9s Sz\u00e9ll\u00f6k\u00e9sm\u00e9r\u0151 (Csak Sz\u00e9lm\u00e9r\u0151)\"> \r\n\t\t<img decoding=\"async\" class=\"small-image\" src=\"https:\/\/shop.idokep.hu\/wp-content\/uploads\/2024\/03\/szelemro01.jpg\" alt=\"M\u00e1sodperces Sz\u00e9lir\u00e1ny- Sz\u00e9lsebess\u00e9g \u00c9s Sz\u00e9ll\u00f6k\u00e9sm\u00e9r\u0151 (Csak Sz\u00e9lm\u00e9r\u0151)\"><\/a> \r\n\t\t<\/div><div class=\"product-shop\"><h2 class=\"product-name\"><a href=\"https:\/\/shop.idokep.hu\/?product=masodperces-szelirany-szelsebesseg-es-szellokesmero-csak-szelmero\" title=\"M\u00e1sodperces Sz\u00e9lir\u00e1ny- Sz\u00e9lsebess\u00e9g \u00c9s Sz\u00e9ll\u00f6k\u00e9sm\u00e9r\u0151 (Csak Sz\u00e9lm\u00e9r\u0151)\">M\u00e1sodperces Sz\u00e9lir\u00e1ny- Sz\u00e9lsebess\u00e9g \u00c9s Sz\u00e9ll\u00f6k\u00e9sm\u00e9r\u0151 (Csak Sz\u00e9lm\u00e9r\u0151)<\/a><\/h2><div class=\"ratings\"><p class=\"rating-links\"><\/p><\/div><div class=\"desc std\"><p>A m\u00e1sodperces sz\u00e9lm\u00e9r\u0151 val\u00f3j\u00e1ban tizedm\u00e1sodpercenk\u00e9nt m\u00e9r \u00e9s a m\u00e9r\u00e9si adatokat m\u00e1sodpercenk\u00e9nt elemzi, illetve tov\u00e1bb\u00edtja; a be\u00e9p\u00edtett mikroprocesszor figyeli a m\u00e1sodpercen bel\u00fcli sz\u00f3r\u00e1st \u00e9s a n\u00f6vekm\u00e9nyt<\/p><a class=\"link-learn\" title=\"M\u00e1sodperces Sz\u00e9lir\u00e1ny- Sz\u00e9lsebess\u00e9g \u00c9s Sz\u00e9ll\u00f6k\u00e9sm\u00e9r\u0151 (Csak Sz\u00e9lm\u00e9r\u0151)\" href=\"https:\/\/shop.idokep.hu\/?product=masodperces-szelirany-szelsebesseg-es-szellokesmero-csak-szelmero\">Learn More<\/a><\/div><div class=\"price-box\"><p class=\"special-price\">  <span class=\"price\"> <span class=\"woocommerce-Price-amount amount\"><bdi>59900,00&nbsp;<span class=\"woocommerce-Price-currencySymbol\">&#70;&#116;<\/span><\/bdi><\/span><\/span> <\/p><\/div><div class=\"actions\"><a href=\"?add-to-cart=646\" data-quantity=\"1\" class=\"button btn-cart button product_type_simple add_to_cart_button ajax_add_to_cart ajax_add_to_cart\" data-product_id=\"646\" data-product_sku=\"\" aria-label=\"Kos\u00e1rba: &ldquo;M\u00e1sodperces Sz\u00e9lir\u00e1ny- Sz\u00e9lsebess\u00e9g \u00c9s Sz\u00e9ll\u00f6k\u00e9sm\u00e9r\u0151 (Csak Sz\u00e9lm\u00e9r\u0151)&rdquo;\" rel=\"nofollow\" data-success_message=\"&ldquo;M\u00e1sodperces Sz\u00e9lir\u00e1ny- Sz\u00e9lsebess\u00e9g \u00c9s Sz\u00e9ll\u00f6k\u00e9sm\u00e9r\u0151 (Csak Sz\u00e9lm\u00e9r\u0151)&rdquo; has been added to your cart\"><span>Kos\u00e1rba teszem<\/span><\/a><\/div><\/div><\/li><li class=\"item first\"><div class=\"product-image\"> <a href=\"https:\/\/shop.idokep.hu\/?product=szenzor-idokepes-allomashoz\" title=\"Szenzor \u2013 Id\u0151k\u00e9pes \u00c1llom\u00e1shoz\"> \r\n\t\t<img decoding=\"async\" class=\"small-image\" src=\"https:\/\/shop.idokep.hu\/wp-content\/uploads\/2024\/03\/IMG_9312-scaled-1.png\" alt=\"Szenzor \u2013 Id\u0151k\u00e9pes \u00c1llom\u00e1shoz\"><\/a> \r\n\t\t<\/div><div class=\"product-shop\"><h2 class=\"product-name\"><a href=\"https:\/\/shop.idokep.hu\/?product=szenzor-idokepes-allomashoz\" title=\"Szenzor \u2013 Id\u0151k\u00e9pes \u00c1llom\u00e1shoz\">Szenzor \u2013 Id\u0151k\u00e9pes \u00c1llom\u00e1shoz<\/a><\/h2><div class=\"ratings\"><p class=\"rating-links\"><\/p><\/div><div class=\"desc std\"><p>H\u0151m\u00e9rs\u00e9klet, p\u00e1ratartalom \u00e9s l\u00e9gnyom\u00e1sm\u00e9r\u0151 szenzor.<\/p><a class=\"link-learn\" title=\"Szenzor \u2013 Id\u0151k\u00e9pes \u00c1llom\u00e1shoz\" href=\"https:\/\/shop.idokep.hu\/?product=szenzor-idokepes-allomashoz\">Learn More<\/a><\/div><div class=\"price-box\"><p class=\"special-price\">  <span class=\"price\"> <span class=\"woocommerce-Price-amount amount\"><bdi>16990,00&nbsp;<span class=\"woocommerce-Price-currencySymbol\">&#70;&#116;<\/span><\/bdi><\/span><\/span> <\/p><\/div><div class=\"actions\"><a href=\"?add-to-cart=644\" data-quantity=\"1\" class=\"button btn-cart button product_type_simple add_to_cart_button ajax_add_to_cart ajax_add_to_cart\" data-product_id=\"644\" data-product_sku=\"\" aria-label=\"Kos\u00e1rba: &ldquo;Szenzor \u2013 Id\u0151k\u00e9pes \u00c1llom\u00e1shoz&rdquo;\" rel=\"nofollow\" data-success_message=\"&ldquo;Szenzor \u2013 Id\u0151k\u00e9pes \u00c1llom\u00e1shoz&rdquo; has been added to your cart\"><span>Kos\u00e1rba teszem<\/span><\/a><\/div><\/div><\/li><li class=\"item first\"><div class=\"product-image\"> <a href=\"https:\/\/shop.idokep.hu\/?product=homerohaz\" title=\"H\u0151m\u00e9r\u0151h\u00e1z\"> \r\n\t\t<img decoding=\"async\" class=\"small-image\" src=\"https:\/\/shop.idokep.hu\/wp-content\/uploads\/2024\/03\/homerohaz.webp\" alt=\"H\u0151m\u00e9r\u0151h\u00e1z\"><\/a> \r\n\t\t<\/div><div class=\"product-shop\"><h2 class=\"product-name\"><a href=\"https:\/\/shop.idokep.hu\/?product=homerohaz\" title=\"H\u0151m\u00e9r\u0151h\u00e1z\">H\u0151m\u00e9r\u0151h\u00e1z<\/a><\/h2><div class=\"ratings\"><p class=\"rating-links\"><\/p><\/div><div class=\"desc std\"><p>C\u00e9lja, hogy a m\u0171szert megv\u00e9dje a direkt sug\u00e1rz\u00e1st\u00f3l \u00e9s a csapad\u00e9kt\u00f3l, z\u00e1rt t\u00e9rben, k\u00f6zben biztos\u00edtva a szell\u0151z\u00e9st is.<\/p><a class=\"link-learn\" title=\"H\u0151m\u00e9r\u0151h\u00e1z\" href=\"https:\/\/shop.idokep.hu\/?product=homerohaz\">Learn More<\/a><\/div><div class=\"price-box\"><p class=\"special-price\">  <span class=\"price\"> <span class=\"woocommerce-Price-amount amount\"><bdi>17900,00&nbsp;<span class=\"woocommerce-Price-currencySymbol\">&#70;&#116;<\/span><\/bdi><\/span><\/span> <\/p><\/div><div class=\"actions\"><a href=\"?add-to-cart=642\" data-quantity=\"1\" class=\"button btn-cart button product_type_simple add_to_cart_button ajax_add_to_cart ajax_add_to_cart\" data-product_id=\"642\" data-product_sku=\"\" aria-label=\"Kos\u00e1rba: &ldquo;H\u0151m\u00e9r\u0151h\u00e1z&rdquo;\" rel=\"nofollow\" data-success_message=\"&ldquo;H\u0151m\u00e9r\u0151h\u00e1z&rdquo; has been added to your cart\"><span>Kos\u00e1rba teszem<\/span><\/a><\/div><\/div><\/li><li class=\"item first\"><div class=\"product-image\"> <a href=\"https:\/\/shop.idokep.hu\/?product=szabadteri-ip-idojaras-allomas-allvanyzat-nelkul-csak-szenzorok\" title=\"Szabadt\u00e9ri IP Id\u0151j\u00e1r\u00e1s \u00c1llom\u00e1s \u2013 \u00c1llv\u00e1nyzat N\u00e9lk\u00fcl \u2013 Csak Szenzorok\"> \r\n\t\t<img decoding=\"async\" class=\"small-image\" src=\"https:\/\/shop.idokep.hu\/wp-content\/uploads\/2024\/03\/allomas-1-scaled.jpg\" alt=\"Szabadt\u00e9ri IP Id\u0151j\u00e1r\u00e1s \u00c1llom\u00e1s \u2013 \u00c1llv\u00e1nyzat N\u00e9lk\u00fcl \u2013 Csak Szenzorok\"><\/a> \r\n\t\t<\/div><div class=\"product-shop\"><h2 class=\"product-name\"><a href=\"https:\/\/shop.idokep.hu\/?product=szabadteri-ip-idojaras-allomas-allvanyzat-nelkul-csak-szenzorok\" title=\"Szabadt\u00e9ri IP Id\u0151j\u00e1r\u00e1s \u00c1llom\u00e1s \u2013 \u00c1llv\u00e1nyzat N\u00e9lk\u00fcl \u2013 Csak Szenzorok\">Szabadt\u00e9ri IP Id\u0151j\u00e1r\u00e1s \u00c1llom\u00e1s \u2013 \u00c1llv\u00e1nyzat N\u00e9lk\u00fcl \u2013 Csak Szenzorok<\/a><\/h2><div class=\"ratings\"><p class=\"rating-links\"><\/p><\/div><div class=\"desc std\"><p>Az id\u0151j\u00e1r\u00e1s \u00e1llom\u00e1s k\u00f6zvetlen\u00fcl (sz\u00e1m\u00edt\u00f3g\u00e9p n\u00e9lk\u00fcl) k\u00e9pes kapcsol\u00f3dni az Id\u0151k\u00e9p PRO szervereihez, amelyek val\u00f3s id\u0151ben, folyamatosan friss\u00edtve elk\u00e9sz\u00edtik a felhaszn\u00e1l\u00f3 sz\u00e1m\u00e1ra a helyi viszonyokat mutat\u00f3,<\/p><a class=\"link-learn\" title=\"Szabadt\u00e9ri IP Id\u0151j\u00e1r\u00e1s \u00c1llom\u00e1s \u2013 \u00c1llv\u00e1nyzat N\u00e9lk\u00fcl \u2013 Csak Szenzorok\" href=\"https:\/\/shop.idokep.hu\/?product=szabadteri-ip-idojaras-allomas-allvanyzat-nelkul-csak-szenzorok\">Learn More<\/a><\/div><div class=\"price-box\"><p class=\"special-price\">  <span class=\"price\"> <span class=\"woocommerce-Price-amount amount\"><bdi>149000,00&nbsp;<span class=\"woocommerce-Price-currencySymbol\">&#70;&#116;<\/span><\/bdi><\/span><\/span> <\/p><\/div><div class=\"actions\"><a href=\"?add-to-cart=640\" data-quantity=\"1\" class=\"button btn-cart button product_type_simple add_to_cart_button ajax_add_to_cart ajax_add_to_cart\" data-product_id=\"640\" data-product_sku=\"\" aria-label=\"Kos\u00e1rba: &ldquo;Szabadt\u00e9ri IP Id\u0151j\u00e1r\u00e1s \u00c1llom\u00e1s \u2013 \u00c1llv\u00e1nyzat N\u00e9lk\u00fcl \u2013 Csak Szenzorok&rdquo;\" rel=\"nofollow\" data-success_message=\"&ldquo;Szabadt\u00e9ri IP Id\u0151j\u00e1r\u00e1s \u00c1llom\u00e1s \u2013 \u00c1llv\u00e1nyzat N\u00e9lk\u00fcl \u2013 Csak Szenzorok&rdquo; has been added to your cart\"><span>Kos\u00e1rba teszem<\/span><\/a><\/div><\/div><\/li><li class=\"item first\"><div class=\"product-image\"> <a href=\"https:\/\/shop.idokep.hu\/?product=idojaras-allomas-10-meteres-allvanyzattal\" title=\"Id\u0151j\u00e1r\u00e1s \u00c1llom\u00e1s 10 M\u00e9teres \u00c1llv\u00e1nyzattal\"> \r\n\t\t<img decoding=\"async\" class=\"small-image\" src=\"https:\/\/shop.idokep.hu\/wp-content\/uploads\/2024\/03\/idjaras-allomas-10-meteres-alvanyzattal-scaled.jpg\" alt=\"Id\u0151j\u00e1r\u00e1s \u00c1llom\u00e1s 10 M\u00e9teres \u00c1llv\u00e1nyzattal\"><\/a> \r\n\t\t<\/div><div class=\"product-shop\"><h2 class=\"product-name\"><a href=\"https:\/\/shop.idokep.hu\/?product=idojaras-allomas-10-meteres-allvanyzattal\" title=\"Id\u0151j\u00e1r\u00e1s \u00c1llom\u00e1s 10 M\u00e9teres \u00c1llv\u00e1nyzattal\">Id\u0151j\u00e1r\u00e1s \u00c1llom\u00e1s 10 M\u00e9teres \u00c1llv\u00e1nyzattal<\/a><\/h2><div class=\"ratings\"><p class=\"rating-links\"><\/p><\/div><div class=\"desc std\"><p>Egy teljes, minden fontos id\u0151j\u00e1r\u00e1si param\u00e9tert m\u00e9rni k\u00e9pes, prec\u00edz, m\u00e1sodperces sz\u00e9lm\u00e9r\u0151vel ell\u00e1tott  professzion\u00e1lis id\u0151j\u00e1r\u00e1s-\u00e1llom\u00e1s, az eszk\u00f6zzel kompatibilis 10 m\u00e9teres \u00e1llv\u00e1nyzat \u00e9s egy v\u00edzhatlan, szabadt\u00e9ren<\/p><a class=\"link-learn\" title=\"Id\u0151j\u00e1r\u00e1s \u00c1llom\u00e1s 10 M\u00e9teres \u00c1llv\u00e1nyzattal\" href=\"https:\/\/shop.idokep.hu\/?product=idojaras-allomas-10-meteres-allvanyzattal\">Learn More<\/a><\/div><div class=\"price-box\"><p class=\"special-price\">  <span class=\"price\"> <span class=\"woocommerce-Price-amount amount\"><bdi>289900,00&nbsp;<span class=\"woocommerce-Price-currencySymbol\">&#70;&#116;<\/span><\/bdi><\/span><\/span> <\/p><\/div><div class=\"actions\"><a href=\"?add-to-cart=638\" data-quantity=\"1\" class=\"button btn-cart button product_type_simple add_to_cart_button ajax_add_to_cart ajax_add_to_cart\" data-product_id=\"638\" data-product_sku=\"\" aria-label=\"Kos\u00e1rba: &ldquo;Id\u0151j\u00e1r\u00e1s \u00c1llom\u00e1s 10 M\u00e9teres \u00c1llv\u00e1nyzattal&rdquo;\" rel=\"nofollow\" data-success_message=\"&ldquo;Id\u0151j\u00e1r\u00e1s \u00c1llom\u00e1s 10 M\u00e9teres \u00c1llv\u00e1nyzattal&rdquo; has been added to your cart\"><span>Kos\u00e1rba teszem<\/span><\/a><\/div><\/div><\/li>\r\n\t\t\t\t<\/ol>\r\n\t\t\t<\/div>\r\n\t\t\t<div class=\"toolbar bottom\">\n<div class=\"pager\"><div class=\"pages\">\n\t<ul class='page-numbers'>\n\t<li><span aria-label=\"Page 1\" aria-current=\"page\" class=\"page-numbers current\">1<\/span><\/li>\n\t<li><a aria-label=\"Page 2\" class=\"page-numbers\" href=\"https:\/\/shop.idokep.hu\/index.php\/?paged=2&#038;rest_route=%2Fwp%2Fv2%2Fpages%2F287\">2<\/a><\/li>\n\t<li><a aria-label=\"Page 3\" class=\"page-numbers\" href=\"https:\/\/shop.idokep.hu\/index.php\/?paged=3&#038;rest_route=%2Fwp%2Fv2%2Fpages%2F287\">3<\/a><\/li>\n\t<li><a class=\"next page-numbers\" href=\"https:\/\/shop.idokep.hu\/index.php\/?paged=2&#038;rest_route=%2Fwp%2Fv2%2Fpages%2F287\">Next<\/a><\/li>\n<\/ul>\n<\/div><\/div>\n\n<\/div>\r\n\t\t\t<\/article>\r\n\t\t\t<\/div>\r\n\r\n\t\t\t<div class=\"loader-image\" style=\"display:none;\"><\/div><div class=\"ajaxphp-results\"><\/div>[\/vc_column][vc_column width=&#8221;1\/4&#8243; css=&#8221;.vc_custom_1546428910773{padding-right: 0px !important;}&#8221; klb_responsive=&#8221;.vc_custom_1546428910775{padding-right: 0px !important;padding-left: 0px !important;}&#8221;][vc_widget_sidebar sidebar_id=&#8221;shop-sidebar&#8221;][\/vc_column][\/vc_row]<\/p>\n<\/section>","protected":false},"excerpt":{"rendered":"<p>[vc_row][vc_column width=&#8221;3\/4&#8243; css=&#8221;.vc_custom_1546427089916{margin-top: 30px !important;padding-left: 0px !important;}&#8221; klb_responsive=&#8221;.vc_custom_1546427089919{padding-right: 0px !important;padding-left: 0px !important;}&#8221;][\/vc_column][vc_column width=&#8221;1\/4&#8243; css=&#8221;.vc_custom_1546428910773{padding-right: 0px !important;}&#8221; klb_responsive=&#8221;.vc_custom_1546428910775{padding-right: 0px !important;padding-left: 0px !important;}&#8221;][vc_widget_sidebar sidebar_id=&#8221;shop-sidebar&#8221;][\/vc_column][\/vc_row]<\/p>\n","protected":false},"author":1,"featured_media":0,"parent":0,"menu_order":0,"comment_status":"closed","ping_status":"closed","template":"","meta":{"footnotes":""},"class_list":["post-287","page","type-page","status-publish","hentry","blog_entry clearfix"],"_links":{"self":[{"href":"https:\/\/shop.idokep.hu\/index.php?rest_route=\/wp\/v2\/pages\/287","targetHints":{"allow":["GET"]}}],"collection":[{"href":"https:\/\/shop.idokep.hu\/index.php?rest_route=\/wp\/v2\/pages"}],"about":[{"href":"https:\/\/shop.idokep.hu\/index.php?rest_route=\/wp\/v2\/types\/page"}],"author":[{"embeddable":true,"href":"https:\/\/shop.idokep.hu\/index.php?rest_route=\/wp\/v2\/users\/1"}],"replies":[{"embeddable":true,"href":"https:\/\/shop.idokep.hu\/index.php?rest_route=%2Fwp%2Fv2%2Fcomments&post=287"}],"version-history":[{"count":13,"href":"https:\/\/shop.idokep.hu\/index.php?rest_route=\/wp\/v2\/pages\/287\/revisions"}],"predecessor-version":[{"id":766,"href":"https:\/\/shop.idokep.hu\/index.php?rest_route=\/wp\/v2\/pages\/287\/revisions\/766"}],"wp:attachment":[{"href":"https:\/\/shop.idokep.hu\/index.php?rest_route=%2Fwp%2Fv2%2Fmedia&parent=287"}],"curies":[{"name":"wp","href":"https:\/\/api.w.org\/{rel}","templated":true}]}}